{"id":1680,"date":"2024-01-25T15:17:54","date_gmt":"2024-01-25T15:17:54","guid":{"rendered":"https:\/\/matrimoniosdeinfluencia.com\/?page_id=1680"},"modified":"2024-01-26T18:12:35","modified_gmt":"2024-01-26T18:12:35","slug":"contacto","status":"publish","type":"page","link":"http:\/\/matrimoniosdeinfluencia.com\/?page_id=1680","title":{"rendered":"CONTACTO"},"content":{"rendered":"\n<p>Para m\u00e1s informaci\u00f3n podes escribirnos a <strong>info@matrimoniosdeinfluencia.com<\/strong>. Adem\u00e1s podes encontrarnos en las redes sociales, Instagram, Facebook y Youtube<\/p>\n","protected":false},"excerpt":{"rendered":"<p>Para m\u00e1s informaci\u00f3n podes escribirnos a info@matrimoniosdeinfluencia.com. Adem\u00e1s podes encontrarnos en las redes sociales, Instagram, Facebook y Youtube<\/p>\n","protected":false},"author":1,"featured_media":1711,"parent":0,"menu_order":0,"comment_status":"closed","ping_status":"closed","template":"","meta":{"footnotes":""},"class_list":["post-1680","page","type-page","status-publish","has-post-thumbnail","hentry"],"_links":{"self":[{"href":"http:\/\/matrimoniosdeinfluencia.com\/index.php?rest_route=\/wp\/v2\/pages\/1680","targetHints":{"allow":["GET"]}}],"collection":[{"href":"http:\/\/matrimoniosdeinfluencia.com\/index.php?rest_route=\/wp\/v2\/pages"}],"about":[{"href":"http:\/\/matrimoniosdeinfluencia.com\/index.php?rest_route=\/wp\/v2\/types\/page"}],"author":[{"embeddable":true,"href":"http:\/\/matrimoniosdeinfluencia.com\/index.php?rest_route=\/wp\/v2\/users\/1"}],"replies":[{"embeddable":true,"href":"http:\/\/matrimoniosdeinfluencia.com\/index.php?rest_route=%2Fwp%2Fv2%2Fcomments&post=1680"}],"version-history":[{"count":4,"href":"http:\/\/matrimoniosdeinfluencia.com\/index.php?rest_route=\/wp\/v2\/pages\/1680\/revisions"}],"predecessor-version":[{"id":1730,"href":"http:\/\/matrimoniosdeinfluencia.com\/index.php?rest_route=\/wp\/v2\/pages\/1680\/revisions\/1730"}],"wp:featuredmedia":[{"embeddable":true,"href":"http:\/\/matrimoniosdeinfluencia.com\/index.php?rest_route=\/wp\/v2\/media\/1711"}],"wp:attachment":[{"href":"http:\/\/matrimoniosdeinfluencia.com\/index.php?rest_route=%2Fwp%2Fv2%2Fmedia&parent=1680"}],"curies":[{"name":"wp","href":"https:\/\/api.w.org\/{rel}","templated":true}]}}